{"id":593,"date":"2020-10-16T11:55:04","date_gmt":"2020-10-16T09:55:04","guid":{"rendered":"https:\/\/mfrhippodrome-craon.com\/?page_id=593"},"modified":"2020-10-16T16:15:05","modified_gmt":"2020-10-16T14:15:05","slug":"accueil-de-blaise-sawago","status":"publish","type":"page","link":"https:\/\/mfrhippodrome-craon.com\/index.php\/accueil-de-blaise-sawago\/","title":{"rendered":"Accueil de Blaise Sawadogo"},"content":{"rendered":"\n<p>L\u2019association Solibam de Ch\u00e2teau-Gontier recherchait une structure d\u2019enseignement dispos\u00e9e \u00e0 partager ses pratiques p\u00e9dagogiques avec un formateur du Burkina Faso.<\/p>\n\n\n\n<p>C&rsquo;est dans ce cadre que Blaise Sawadogo, paysan animateur au village de Sangro, est venu passer plusieurs jours \u00e0 la MFR. Tout au long de son s\u00e9jour, le futur formateur aux m\u00e9tiers de l\u2019agriculture, a eu l\u2019occasion de d\u00e9couvrir la p\u00e9dagogie de l\u2019alternance au quotidien et d\u2019assister \u00e0 diff\u00e9rents cours.<\/p>\n\n\n\n<p>Blaise a rencontr\u00e9 chaque classe et partag\u00e9 avec les \u00e9l\u00e8ves, sa vie au Burkina Faso, notamment au travers d\u2019images illustrant sa vie d\u2019agriculteur. <\/p>\n\n\n\n<p>Des ma\u00eetres de stage ont par ailleurs ouvert leurs portes ce qui a pu permettre \u00e0 Blaise de visiter des exploitations.<\/p>\n\n\n\n<div class=\"wp-block-image\"><figure class=\"aligncenter size-large is-resized\"><img loading=\"lazy\" decoding=\"async\" src=\"https:\/\/mfrhippodrome-craon.com\/wp-content\/uploads\/2020\/10\/MjAxODEwOWUwMWI0NmVjYTBkMWUwZDVlYWUwYmU1MjNjMGMyYmI.jpg\" alt=\"\" class=\"wp-image-617\" width=\"577\" height=\"433\" srcset=\"https:\/\/mfrhippodrome-craon.com\/wp-content\/uploads\/2020\/10\/MjAxODEwOWUwMWI0NmVjYTBkMWUwZDVlYWUwYmU1MjNjMGMyYmI.jpg 940w, https:\/\/mfrhippodrome-craon.com\/wp-content\/uploads\/2020\/10\/MjAxODEwOWUwMWI0NmVjYTBkMWUwZDVlYWUwYmU1MjNjMGMyYmI-300x225.jpg 300w, https:\/\/mfrhippodrome-craon.com\/wp-content\/uploads\/2020\/10\/MjAxODEwOWUwMWI0NmVjYTBkMWUwZDVlYWUwYmU1MjNjMGMyYmI-768x576.jpg 768w\" sizes=\"(max-width: 577px) 100vw, 577px\" \/><\/figure><\/div>\n","protected":false},"excerpt":{"rendered":"<p>L\u2019association Solibam de Ch\u00e2teau-Gontier recherchait une structure d\u2019enseignement dispos\u00e9e \u00e0 partager ses pratiques p\u00e9dagogiques avec un formateur du Burkina Faso. C&rsquo;est dans ce cadre que Blaise Sawadogo, paysan animateur au village de Sangro, est venu passer plusieurs jours \u00e0 la MFR. Tout au long de son s\u00e9jour, le futur formateur aux m\u00e9tiers de l\u2019agriculture, a [&hellip;]<\/p>\n","protected":false},"author":3,"featured_media":0,"parent":0,"menu_order":0,"comment_status":"closed","ping_status":"closed","template":"","meta":{"footnotes":""},"_links":{"self":[{"href":"https:\/\/mfrhippodrome-craon.com\/index.php\/wp-json\/wp\/v2\/pages\/593"}],"collection":[{"href":"https:\/\/mfrhippodrome-craon.com\/index.php\/wp-json\/wp\/v2\/pages"}],"about":[{"href":"https:\/\/mfrhippodrome-craon.com\/index.php\/wp-json\/wp\/v2\/types\/page"}],"author":[{"embeddable":true,"href":"https:\/\/mfrhippodrome-craon.com\/index.php\/wp-json\/wp\/v2\/users\/3"}],"replies":[{"embeddable":true,"href":"https:\/\/mfrhippodrome-craon.com\/index.php\/wp-json\/wp\/v2\/comments?post=593"}],"version-history":[{"count":0,"href":"https:\/\/mfrhippodrome-craon.com\/index.php\/wp-json\/wp\/v2\/pages\/593\/revisions"}],"wp:attachment":[{"href":"https:\/\/mfrhippodrome-craon.com\/index.php\/wp-json\/wp\/v2\/media?parent=593"}],"curies":[{"name":"wp","href":"https:\/\/api.w.org\/{rel}","templated":true}]}}