{"id":591,"date":"2020-10-16T11:54:35","date_gmt":"2020-10-16T09:54:35","guid":{"rendered":"https:\/\/mfrhippodrome-craon.com\/?page_id=591"},"modified":"2020-10-22T16:14:48","modified_gmt":"2020-10-22T14:14:48","slug":"sejours-des-secondes","status":"publish","type":"page","link":"https:\/\/mfrhippodrome-craon.com\/index.php\/sejours-des-secondes\/","title":{"rendered":"S\u00e9jour \/ Voyage d&rsquo;\u00e9tude des secondes"},"content":{"rendered":"\n<p>Dans le cadre de leur formation, les \u00e9l\u00e8ves de seconde professionnelle doivent r\u00e9aliser un voyage d\u2019\u00e9tude \u00e0 Paris.<\/p>\n\n\n\n<p>Ce s\u00e9jour a pour objectifs de permettre des d\u00e9couvertes professionnelles, scientifiques et culturelles.<\/p>\n\n\n\n<p>La dur\u00e9e du voyage est de 3 jours. L&rsquo;ann\u00e9e pr\u00e9c\u00e9dente, les \u00e9l\u00e8ves ont eu la chance de d\u00e9couvrir  :<\/p>\n\n\n\n<ul><li>Le Salon de l&rsquo;Agriculture<\/li><li>L&rsquo;Hippodrome de Chantilly<\/li><li>Le mus\u00e9e du cheval vivant<\/li><li>Le stade de France<\/li><li>La Tour Eiffel<\/li><li>Le march\u00e9 de Rungis<\/li><li>Les locaux de la Garde R\u00e9publicaine<\/li><li>Les Champs-Elys\u00e9es<\/li><\/ul>\n\n\n\n<p><\/p>\n\n\n\n<figure class=\"wp-block-gallery columns-3 is-cropped wp-block-gallery-1 is-layout-flex wp-block-gallery-is-layout-flex\"><ul class=\"blocks-gallery-grid\"><li class=\"blocks-gallery-item\"><figure><img loading=\"lazy\" decoding=\"async\" width=\"1024\" height=\"578\" src=\"https:\/\/mfrhippodrome-craon.com\/wp-content\/uploads\/2020\/10\/IMG_20190226_103713-1-1024x578.jpg\" alt=\"\" data-id=\"602\" data-full-url=\"https:\/\/mfrhippodrome-craon.com\/wp-content\/uploads\/2020\/10\/IMG_20190226_103713-1-scaled.jpg\" data-link=\"https:\/\/mfrhippodrome-craon.com\/index.php\/sejours-des-secondes\/sdr-2\/\" class=\"wp-image-602\" srcset=\"https:\/\/mfrhippodrome-craon.com\/wp-content\/uploads\/2020\/10\/IMG_20190226_103713-1-1024x578.jpg 1024w, https:\/\/mfrhippodrome-craon.com\/wp-content\/uploads\/2020\/10\/IMG_20190226_103713-1-300x169.jpg 300w, https:\/\/mfrhippodrome-craon.com\/wp-content\/uploads\/2020\/10\/IMG_20190226_103713-1-768x434.jpg 768w, https:\/\/mfrhippodrome-craon.com\/wp-content\/uploads\/2020\/10\/IMG_20190226_103713-1-1536x867.jpg 1536w, https:\/\/mfrhippodrome-craon.com\/wp-content\/uploads\/2020\/10\/IMG_20190226_103713-1-2048x1156.jpg 2048w\" sizes=\"(max-width: 1024px) 100vw, 1024px\" \/><\/figure><\/li><li class=\"blocks-gallery-item\"><figure><img loading=\"lazy\" decoding=\"async\" width=\"1024\" height=\"578\" src=\"https:\/\/mfrhippodrome-craon.com\/wp-content\/uploads\/2020\/10\/IMG_20190227_113510-1024x578.jpg\" alt=\"\" data-id=\"603\" data-full-url=\"https:\/\/mfrhippodrome-craon.com\/wp-content\/uploads\/2020\/10\/IMG_20190227_113510-scaled.jpg\" data-link=\"https:\/\/mfrhippodrome-craon.com\/index.php\/sejours-des-secondes\/dav\/\" class=\"wp-image-603\" srcset=\"https:\/\/mfrhippodrome-craon.com\/wp-content\/uploads\/2020\/10\/IMG_20190227_113510-1024x578.jpg 1024w, https:\/\/mfrhippodrome-craon.com\/wp-content\/uploads\/2020\/10\/IMG_20190227_113510-300x169.jpg 300w, https:\/\/mfrhippodrome-craon.com\/wp-content\/uploads\/2020\/10\/IMG_20190227_113510-768x434.jpg 768w, https:\/\/mfrhippodrome-craon.com\/wp-content\/uploads\/2020\/10\/IMG_20190227_113510-1536x867.jpg 1536w, https:\/\/mfrhippodrome-craon.com\/wp-content\/uploads\/2020\/10\/IMG_20190227_113510-2048x1156.jpg 2048w\" sizes=\"(max-width: 1024px) 100vw, 1024px\" \/><\/figure><\/li><li class=\"blocks-gallery-item\"><figure><img loading=\"lazy\" decoding=\"async\" width=\"1024\" height=\"578\" src=\"https:\/\/mfrhippodrome-craon.com\/wp-content\/uploads\/2020\/10\/IMG_20190227_115730-1024x578.jpg\" alt=\"\" data-id=\"604\" data-full-url=\"https:\/\/mfrhippodrome-craon.com\/wp-content\/uploads\/2020\/10\/IMG_20190227_115730-scaled.jpg\" data-link=\"https:\/\/mfrhippodrome-craon.com\/index.php\/sejours-des-secondes\/sdr-3\/\" class=\"wp-image-604\" srcset=\"https:\/\/mfrhippodrome-craon.com\/wp-content\/uploads\/2020\/10\/IMG_20190227_115730-1024x578.jpg 1024w, https:\/\/mfrhippodrome-craon.com\/wp-content\/uploads\/2020\/10\/IMG_20190227_115730-300x169.jpg 300w, https:\/\/mfrhippodrome-craon.com\/wp-content\/uploads\/2020\/10\/IMG_20190227_115730-768x434.jpg 768w, https:\/\/mfrhippodrome-craon.com\/wp-content\/uploads\/2020\/10\/IMG_20190227_115730-1536x867.jpg 1536w, https:\/\/mfrhippodrome-craon.com\/wp-content\/uploads\/2020\/10\/IMG_20190227_115730-2048x1156.jpg 2048w\" sizes=\"(max-width: 1024px) 100vw, 1024px\" \/><\/figure><\/li><li class=\"blocks-gallery-item\"><figure><img loading=\"lazy\" decoding=\"async\" width=\"1024\" height=\"578\" src=\"https:\/\/mfrhippodrome-craon.com\/wp-content\/uploads\/2020\/10\/IMG_20190228_092213-1024x578.jpg\" alt=\"\" data-id=\"606\" data-full-url=\"https:\/\/mfrhippodrome-craon.com\/wp-content\/uploads\/2020\/10\/IMG_20190228_092213-scaled.jpg\" data-link=\"https:\/\/mfrhippodrome-craon.com\/index.php\/sejours-des-secondes\/dav-2\/\" class=\"wp-image-606\" srcset=\"https:\/\/mfrhippodrome-craon.com\/wp-content\/uploads\/2020\/10\/IMG_20190228_092213-1024x578.jpg 1024w, https:\/\/mfrhippodrome-craon.com\/wp-content\/uploads\/2020\/10\/IMG_20190228_092213-300x169.jpg 300w, https:\/\/mfrhippodrome-craon.com\/wp-content\/uploads\/2020\/10\/IMG_20190228_092213-768x434.jpg 768w, https:\/\/mfrhippodrome-craon.com\/wp-content\/uploads\/2020\/10\/IMG_20190228_092213-1536x867.jpg 1536w, https:\/\/mfrhippodrome-craon.com\/wp-content\/uploads\/2020\/10\/IMG_20190228_092213-2048x1156.jpg 2048w\" sizes=\"(max-width: 1024px) 100vw, 1024px\" \/><\/figure><\/li><li class=\"blocks-gallery-item\"><figure><img loading=\"lazy\" decoding=\"async\" width=\"1024\" height=\"578\" src=\"https:\/\/mfrhippodrome-craon.com\/wp-content\/uploads\/2020\/10\/IMG_20190227_135044-1024x578.jpg\" alt=\"\" data-id=\"605\" data-full-url=\"https:\/\/mfrhippodrome-craon.com\/wp-content\/uploads\/2020\/10\/IMG_20190227_135044-scaled.jpg\" data-link=\"https:\/\/mfrhippodrome-craon.com\/index.php\/sejours-des-secondes\/sdr-4\/\" class=\"wp-image-605\" srcset=\"https:\/\/mfrhippodrome-craon.com\/wp-content\/uploads\/2020\/10\/IMG_20190227_135044-1024x578.jpg 1024w, https:\/\/mfrhippodrome-craon.com\/wp-content\/uploads\/2020\/10\/IMG_20190227_135044-300x169.jpg 300w, https:\/\/mfrhippodrome-craon.com\/wp-content\/uploads\/2020\/10\/IMG_20190227_135044-768x434.jpg 768w, https:\/\/mfrhippodrome-craon.com\/wp-content\/uploads\/2020\/10\/IMG_20190227_135044-1536x867.jpg 1536w, https:\/\/mfrhippodrome-craon.com\/wp-content\/uploads\/2020\/10\/IMG_20190227_135044-2048x1156.jpg 2048w\" sizes=\"(max-width: 1024px) 100vw, 1024px\" \/><\/figure><\/li><\/ul><\/figure>\n","protected":false},"excerpt":{"rendered":"<p>Dans le cadre de leur formation, les \u00e9l\u00e8ves de seconde professionnelle doivent r\u00e9aliser un voyage d\u2019\u00e9tude \u00e0 Paris. Ce s\u00e9jour a pour objectifs de permettre des d\u00e9couvertes professionnelles, scientifiques et culturelles. La dur\u00e9e du voyage est de 3 jours. L&rsquo;ann\u00e9e pr\u00e9c\u00e9dente, les \u00e9l\u00e8ves ont eu la chance de d\u00e9couvrir : Le Salon de l&rsquo;Agriculture L&rsquo;Hippodrome [&hellip;]<\/p>\n","protected":false},"author":3,"featured_media":0,"parent":0,"menu_order":0,"comment_status":"closed","ping_status":"closed","template":"","meta":{"footnotes":""},"_links":{"self":[{"href":"https:\/\/mfrhippodrome-craon.com\/index.php\/wp-json\/wp\/v2\/pages\/591"}],"collection":[{"href":"https:\/\/mfrhippodrome-craon.com\/index.php\/wp-json\/wp\/v2\/pages"}],"about":[{"href":"https:\/\/mfrhippodrome-craon.com\/index.php\/wp-json\/wp\/v2\/types\/page"}],"author":[{"embeddable":true,"href":"https:\/\/mfrhippodrome-craon.com\/index.php\/wp-json\/wp\/v2\/users\/3"}],"replies":[{"embeddable":true,"href":"https:\/\/mfrhippodrome-craon.com\/index.php\/wp-json\/wp\/v2\/comments?post=591"}],"version-history":[{"count":0,"href":"https:\/\/mfrhippodrome-craon.com\/index.php\/wp-json\/wp\/v2\/pages\/591\/revisions"}],"wp:attachment":[{"href":"https:\/\/mfrhippodrome-craon.com\/index.php\/wp-json\/wp\/v2\/media?parent=591"}],"curies":[{"name":"wp","href":"https:\/\/api.w.org\/{rel}","templated":true}]}}