{"id":526,"date":"2020-08-06T10:18:07","date_gmt":"2020-08-06T08:18:07","guid":{"rendered":"https:\/\/mfrhippodrome-craon.com\/?page_id=526"},"modified":"2020-08-06T10:27:13","modified_gmt":"2020-08-06T08:27:13","slug":"ils-temoignent","status":"publish","type":"page","link":"https:\/\/mfrhippodrome-craon.com\/index.php\/ils-temoignent\/","title":{"rendered":"Ils t\u00e9moignent"},"content":{"rendered":"\n<p>Retrouvez ici les t\u00e9moignages de nos \u00e9l\u00e8ves<\/p>\n\n\n\n<figure class=\"wp-block-embed-youtube wp-block-embed is-type-video is-provider-youtube wp-embed-aspect-16-9 wp-has-aspect-ratio\"><div class=\"wp-block-embed__wrapper\">\n<iframe loading=\"lazy\" title=\"MFR 4 \u00e8me 3\u00e8me\" width=\"640\" height=\"360\" src=\"https:\/\/www.youtube.com\/embed\/BJ6YmUETsOA?feature=oembed\" frameborder=\"0\" allow=\"accelerometer; autoplay; clipboard-write; encrypted-media; gyroscope; picture-in-picture; web-share\" referrerpolicy=\"strict-origin-when-cross-origin\" allowfullscreen><\/iframe>\n<\/div><\/figure>\n\n\n\n<figure class=\"wp-block-embed-youtube wp-block-embed is-type-video is-provider-youtube wp-embed-aspect-16-9 wp-has-aspect-ratio\"><div class=\"wp-block-embed__wrapper\">\n<iframe loading=\"lazy\" title=\"Secondes\" width=\"640\" height=\"360\" src=\"https:\/\/www.youtube.com\/embed\/wkfU_5BQeNQ?feature=oembed\" frameborder=\"0\" allow=\"accelerometer; autoplay; clipboard-write; encrypted-media; gyroscope; picture-in-picture; web-share\" referrerpolicy=\"strict-origin-when-cross-origin\" allowfullscreen><\/iframe>\n<\/div><\/figure>\n\n\n\n<figure class=\"wp-block-embed-youtube wp-block-embed is-type-video is-provider-youtube wp-embed-aspect-16-9 wp-has-aspect-ratio\"><div class=\"wp-block-embed__wrapper\">\n<iframe loading=\"lazy\" title=\"Premi\u00e8res\" width=\"640\" height=\"360\" src=\"https:\/\/www.youtube.com\/embed\/JPgPlijRnZA?feature=oembed\" frameborder=\"0\" allow=\"accelerometer; autoplay; clipboard-write; encrypted-media; gyroscope; picture-in-picture; web-share\" referrerpolicy=\"strict-origin-when-cross-origin\" allowfullscreen><\/iframe>\n<\/div><\/figure>\n","protected":false},"excerpt":{"rendered":"<p>Retrouvez ici les t\u00e9moignages de nos \u00e9l\u00e8ves<\/p>\n","protected":false},"author":1,"featured_media":0,"parent":0,"menu_order":0,"comment_status":"closed","ping_status":"closed","template":"","meta":{"footnotes":""},"_links":{"self":[{"href":"https:\/\/mfrhippodrome-craon.com\/index.php\/wp-json\/wp\/v2\/pages\/526"}],"collection":[{"href":"https:\/\/mfrhippodrome-craon.com\/index.php\/wp-json\/wp\/v2\/pages"}],"about":[{"href":"https:\/\/mfrhippodrome-craon.com\/index.php\/wp-json\/wp\/v2\/types\/page"}],"author":[{"embeddable":true,"href":"https:\/\/mfrhippodrome-craon.com\/index.php\/wp-json\/wp\/v2\/users\/1"}],"replies":[{"embeddable":true,"href":"https:\/\/mfrhippodrome-craon.com\/index.php\/wp-json\/wp\/v2\/comments?post=526"}],"version-history":[{"count":0,"href":"https:\/\/mfrhippodrome-craon.com\/index.php\/wp-json\/wp\/v2\/pages\/526\/revisions"}],"wp:attachment":[{"href":"https:\/\/mfrhippodrome-craon.com\/index.php\/wp-json\/wp\/v2\/media?parent=526"}],"curies":[{"name":"wp","href":"https:\/\/api.w.org\/{rel}","templated":true}]}}