{"id":285,"date":"2019-11-19T10:07:42","date_gmt":"2019-11-19T09:07:42","guid":{"rendered":"https:\/\/mfrhippodrome-craon.com\/?page_id=285"},"modified":"2020-02-24T15:16:54","modified_gmt":"2020-02-24T14:16:54","slug":"une-pedagogie-originale-lalternance","status":"publish","type":"page","link":"https:\/\/mfrhippodrome-craon.com\/index.php\/une-pedagogie-originale-lalternance\/","title":{"rendered":"Une p\u00e9dagogie originale : l&rsquo;alternance"},"content":{"rendered":"<div id=\"pl-gb285-69e0bda3b859d\"  class=\"panel-layout\" ><div id=\"pg-gb285-69e0bda3b859d-0\"  class=\"panel-grid panel-has-style\" ><div class=\"siteorigin-panels-stretch panel-row-style panel-row-style-for-gb285-69e0bda3b859d-0\" data-stretch-type=\"full-width-stretch\" ><div id=\"pgc-gb285-69e0bda3b859d-0-0\"  class=\"panel-grid-cell\" ><div id=\"panel-gb285-69e0bda3b859d-0-0-0\" class=\"so-panel widget widget_sow-headline panel-first-child panel-last-child\" data-index=\"0\" ><div\n\t\t\t\n\t\t\tclass=\"so-widget-sow-headline so-widget-sow-headline-default-c8af2ccb3cf8-285 so-widget-fittext-wrapper\"\n\t\t\t data-fit-text-compressor=\"0.85\"\n\t\t><div class=\"sow-headline-container \">\n\t\t\t\t\t\t\t<h1 class=\"sow-headline\">\n\t\t\t\t\t\t\u00ab\u00a0Un rythme \u00e9tudi\u00e9 pour un temps plein de Formation.\u00a0\u00bb\t\t\t\t\t\t<\/h1>\n\t\t\t\t\t\t<\/div>\n<\/div><\/div><\/div><\/div><\/div><div id=\"pg-gb285-69e0bda3b859d-1\"  class=\"panel-grid panel-no-style\" ><div id=\"pgc-gb285-69e0bda3b859d-1-0\"  class=\"panel-grid-cell\" ><div id=\"panel-gb285-69e0bda3b859d-1-0-0\" class=\"so-panel widget widget_text panel-first-child panel-last-child\" data-index=\"1\" >\t\t\t<div class=\"textwidget\"><p>L&rsquo;alternance qui est une succession de s\u00e9jours entre l&rsquo;\u00e9cole et le monde du travail pr\u00e9pare \u00e0 la vie active.<\/p>\n<p>Au cours de leurs semaines de pr\u00e9sence en stage, ils devront:<\/p>\n<ul>\n<li>observer et poser des questions afin de comprendre le fonctionnement de l&rsquo;entreprise de stage.<\/li>\n<li>Pratiquer afin d&rsquo;acqu\u00e9rir des savoir-faire pratiques<\/li>\n<li>S&rsquo;interroger sur les pratiques de leur ma\u00eetre de stage afin d&rsquo;acqu\u00e9rir des connaissances zootechniques et les mettre en relation avec les situations professionnelles.<\/li>\n<\/ul>\n<p>Pour les guider et les aider au questionnement, les \u00e9l\u00e8ves devront r\u00e9aliser des \u00e9tudes et des enqu\u00eates techniques, au cours de chaque ann\u00e9e de formation. Ces \u00e9tudes pourront, par exemple, porter sur l&rsquo;alimentation, la fertilisation, l&rsquo;hygi\u00e8ne v\u00e9t\u00e9rinaire, etc&#8230; Elles seront exploit\u00e9es quand les jeunes reviendront \u00e0 la MFR et serviront de support en cours. Il est donc indispensable d&rsquo;organiser correctement la semaine de stage en collaboration avec le ma\u00eetre de stage pour ce qui concerne le temps de travail pratique et le temps de travail scolaire (\u00e9valu\u00e9 \u00e0 environ 10h par semaine: 2 demi journ\u00e9es ou 2h par jour en fonction de l&rsquo;organisation des structures de stage).<\/p>\n<\/div>\n\t\t<\/div><\/div><\/div><div id=\"pg-gb285-69e0bda3b859d-2\"  class=\"panel-grid panel-has-style\" ><div class=\"siteorigin-panels-stretch panel-row-style panel-row-style-for-gb285-69e0bda3b859d-2\" data-stretch-type=\"full\" ><div id=\"pgc-gb285-69e0bda3b859d-2-0\"  class=\"panel-grid-cell\" ><div id=\"panel-gb285-69e0bda3b859d-2-0-0\" class=\"so-panel widget widget_sow-headline panel-first-child\" data-index=\"2\" ><div\n\t\t\t\n\t\t\tclass=\"so-widget-sow-headline so-widget-sow-headline-default-52b4ac1ef306-285 so-widget-fittext-wrapper\"\n\t\t\t data-fit-text-compressor=\"0.85\"\n\t\t><div class=\"sow-headline-container \">\n\t\t\t\t\t\t\t<h1 class=\"sow-headline\">\n\t\t\t\t\t\tLes Formations\t\t\t\t\t\t<\/h1>\n\t\t\t\t\t\t<\/div>\n<\/div><\/div><div id=\"panel-gb285-69e0bda3b859d-2-0-1\" class=\"so-panel widget widget_sow-features panel-last-child\" data-index=\"3\" ><div\n\t\t\t\n\t\t\tclass=\"so-widget-sow-features so-widget-sow-features-default-e0a1c574fd14-285\"\n\t\t\t\n\t\t><ul\n\tclass=\"sow-features-list\n\tsow-features-responsive\">\n\n\t\t\t<li\n\t\t\tclass=\"sow-features-feature sow-icon-container-position-top\"\n\t\t\tstyle=\"display: flex; flex-direction: column; width: calc(33.333% - 25px);\"\n\t\t>\n\t\t\t\n\t\t\t\t\t\t\t<div class=\"sow-features-feature-right-left-container\" style=\"display: flex; flex-direction: inherit;\">\n\t\t\t\t\t\t\t<div\t\t\t\tclass=\"sow-icon-container sow-container-sticker\"\n\t\t\t\tstyle=\"color: #e5d96b; \"\n\t\t\t\ttitle=\"4\u00e8me \/ 3\u00e8me : enseignement agricole\"\n\t\t\t\t\t\t\t>\n\t\t\t\t<span class=\"sow-icon-fontawesome sow-far\" data-sow-icon=\"&#xf15c;\"\n\t\tstyle=\"font-size: 70px; color: #FFFFFF\" \n\t\taria-hidden=\"true\"><\/span>\t\t\t<\/div>\n\n\t\t\t<div class=\"textwidget\">\n\t\t\t\t\t\t\t\t\t<div class=\"sow-features-feature-content\">\n\t\t\t\t\n\t\t\t\t\t\t\t\t\t<h5 class=\"sow-features-feature-title\">\n\t\t\t\t\t\t4\u00e8me \/ 3\u00e8me : Enseignement agricole\t\t\t\t\t<\/h5>\n\t\t\t\t\n\t\t\t\t\t\t\t\t\t<div class=\"sow-features-feature-text\">\n\t\t\t\t\t<p>Le programme de la classe de 4<sup>\u00e8me<\/sup>\u00a0ou de 3<sup>\u00e8me<\/sup>\u00a0de \u00ab l\u2019enseignement agricole \u00bb se d\u00e9roule sur 36 semaines d\u2019alternance : 20 semaines en stage en entreprise (18 semaines de stage permanent + 2 semaines de stage \u00ab d\u00e9couverte \u00bb ou \u00ab d\u2019orientation \u00bb) et 16 semaines \u00e0 la Maison Familiale.<\/p>\n\t\t\t\t\t<\/div>\n\t\t\t\t\t\t\t\t\t\t<\/div>\n\t\t\t\t\t<p class=\"sow-more-text\">\n\t\t\t\t\t\t<a href=\"https:\/\/mfrhippodrome-craon.com\/index.php\/services\/4eme-3eme\/\" >\t\t\t\t\t\tEn SAVOIR PLUS\t\t\t\t\t\t<\/a>\t\t\t\t\t<\/p>\n\t\t\t\t\t\t\t<\/div>\n\t\t\t\t\t\t\t<\/div>\n\t\t\t\t\t\t\t\t<\/li>\n\n\t\t\t<li\n\t\t\tclass=\"sow-features-feature sow-icon-container-position-top\"\n\t\t\tstyle=\"display: flex; flex-direction: column; width: calc(33.333% - 25px);\"\n\t\t>\n\t\t\t\n\t\t\t\t\t\t\t<div class=\"sow-features-feature-right-left-container\" style=\"display: flex; flex-direction: inherit;\">\n\t\t\t\t\t\t\t<div\t\t\t\tclass=\"sow-icon-container sow-container-sticker\"\n\t\t\t\tstyle=\"color: #e5d96b; \"\n\t\t\t\t\n\t\t\t\t\t\t\t>\n\t\t\t\t<span class=\"sow-icon-fontawesome sow-fas\" data-sow-icon=\"&#xf15c;\"\n\t\tstyle=\"font-size: 70px; color: #FFFFFF\" \n\t\taria-hidden=\"true\"><\/span>\t\t\t<\/div>\n\n\t\t\t<div class=\"textwidget\">\n\t\t\t\t\t\t\t\t\t<div class=\"sow-features-feature-content\">\n\t\t\t\t\n\t\t\t\t\t\t\t\t\t<h5 class=\"sow-features-feature-title\">\n\t\t\t\t\t\tBAC PRO \u00a0\u00bb Conduite et Gestion de l&rsquo;Entreprise Agricole \u00a0\u00bb\t\t\t\t\t<\/h5>\n\t\t\t\t\n\t\t\t\t\t\t\t\t\t<div class=\"sow-features-feature-text\">\n\t\t\t\t\t<p>Cette formation se d\u00e9roule sur trois ann\u00e9es scolaires (de septembre \u00e0 juillet).<\/p>\n<p>Elle alterne semaines de formation scolaire \u00e0 la Maison familiale et semaines de stage en entreprise<\/p>\n\t\t\t\t\t<\/div>\n\t\t\t\t\t\t\t\t\t\t<\/div>\n\t\t\t\t\t<p class=\"sow-more-text\">\n\t\t\t\t\t\t<a href=\"https:\/\/mfrhippodrome-craon.com\/index.php\/services\/bac-pro-gea-bovin-porcin\/\" >\t\t\t\t\t\tEn SAVOIR PLUS\t\t\t\t\t\t<\/a>\t\t\t\t\t<\/p>\n\t\t\t\t\t\t\t<\/div>\n\t\t\t\t\t\t\t<\/div>\n\t\t\t\t\t\t\t\t<\/li>\n\n\t\t\t<li\n\t\t\tclass=\"sow-features-feature sow-icon-container-position-top\"\n\t\t\tstyle=\"display: flex; flex-direction: column; width: calc(33.333% - 25px);\"\n\t\t>\n\t\t\t\n\t\t\t\t\t\t\t<div class=\"sow-features-feature-right-left-container\" style=\"display: flex; flex-direction: inherit;\">\n\t\t\t\t\t\t\t<div\t\t\t\tclass=\"sow-icon-container sow-container-sticker\"\n\t\t\t\tstyle=\"color: #e5d96b; \"\n\t\t\t\t\n\t\t\t\t\t\t\t>\n\t\t\t\t<span class=\"sow-icon-fontawesome sow-far\" data-sow-icon=\"&#xf15c;\"\n\t\tstyle=\"font-size: 70px; color: #FFFFFF\" \n\t\taria-hidden=\"true\"><\/span>\t\t\t<\/div>\n\n\t\t\t<div class=\"textwidget\">\n\t\t\t\t\t\t\t\t\t<div class=\"sow-features-feature-content\">\n\t\t\t\t\n\t\t\t\t\t\t\t\t\t<h5 class=\"sow-features-feature-title\">\n\t\t\t\t\t\tBAC PRO \u00ab Conduite et Gestion des Exploitations Agricoles \u00bb : ELEVAGE DU CHEVAL\t\t\t\t\t<\/h5>\n\t\t\t\t\n\t\t\t\t\t\t\t\t\t<div class=\"sow-features-feature-text\">\n\t\t\t\t\t<p>Cette formation se d\u00e9roule sur trois ann\u00e9es scolaires (de septembre \u00e0 juillet).<\/p>\n<p>Elle alterne semaines de formation scolaire \u00e0 la Maison familiale et semaines de stage en entreprise :<\/p>\n\t\t\t\t\t<\/div>\n\t\t\t\t\t\t\t\t\t\t<\/div>\n\t\t\t\t\t<p class=\"sow-more-text\">\n\t\t\t\t\t\t<a href=\"https:\/\/mfrhippodrome-craon.com\/index.php\/services\/services-title-02\/\" >\t\t\t\t\t\tEn SAVOIR PLUS\t\t\t\t\t\t<\/a>\t\t\t\t\t<\/p>\n\t\t\t\t\t\t\t<\/div>\n\t\t\t\t\t\t\t<\/div>\n\t\t\t\t\t\t\t\t<\/li>\n\n\t<\/ul>\n<\/div><\/div><\/div><\/div><\/div><div id=\"pg-gb285-69e0bda3b859d-3\"  class=\"panel-grid panel-no-style\" ><div id=\"pgc-gb285-69e0bda3b859d-3-0\"  class=\"panel-grid-cell\" ><div id=\"panel-gb285-69e0bda3b859d-3-0-0\" class=\"so-panel widget widget_text panel-first-child panel-last-child\" data-index=\"4\" ><h3 class=\"widget-title\">Informations compl\u00e9mentaires<\/h3>\t\t\t<div class=\"textwidget\"><\/div>\n\t\t<\/div><\/div><\/div><div id=\"pg-gb285-69e0bda3b859d-4\"  class=\"panel-grid panel-no-style\" ><div id=\"pgc-gb285-69e0bda3b859d-4-0\"  class=\"panel-grid-cell\" ><div id=\"panel-gb285-69e0bda3b859d-4-0-0\" class=\"so-panel widget widget_media_image panel-first-child panel-last-child\" data-index=\"5\" ><img loading=\"lazy\" decoding=\"async\" width=\"600\" height=\"400\" src=\"https:\/\/mfrhippodrome-craon.com\/wp-content\/uploads\/2019\/11\/13625-2.jpg\" class=\"image wp-image-100  attachment-full size-full\" alt=\"\" style=\"max-width: 100%; height: auto;\" srcset=\"https:\/\/mfrhippodrome-craon.com\/wp-content\/uploads\/2019\/11\/13625-2.jpg 600w, https:\/\/mfrhippodrome-craon.com\/wp-content\/uploads\/2019\/11\/13625-2-300x200.jpg 300w\" sizes=\"(max-width: 600px) 100vw, 600px\" \/><\/div><\/div><div id=\"pgc-gb285-69e0bda3b859d-4-1\"  class=\"panel-grid-cell\" ><div id=\"panel-gb285-69e0bda3b859d-4-1-0\" class=\"so-panel widget widget_text panel-first-child panel-last-child\" data-index=\"6\" >\t\t\t<div class=\"textwidget\"><h3>Statut<\/h3>\n<p>Jeunes sous statut scolaire<\/p>\n<h3>Aides au financement<\/h3>\n<p>Possibilit\u00e9 de bourses nationales, d\u00e9partementales, d&rsquo;allocations familiales, d&rsquo;allocations de transport, de d\u00e9gr\u00e8vement pour le trousseau et d&rsquo;une aide financi\u00e8re de l&rsquo;association de l&rsquo;\u00e9tablissement.<\/p>\n<h3>Stages<\/h3>\n<p>Les d\u00e9marches pour trouver le premier stage peuvent-\u00eatre effectu\u00e9es par la Maison Familiale Rurale.<\/p>\n<h3>Rendez-vous<\/h3>\n<p>Les visites de l&rsquo;\u00e9tablissement et les inscriptions se font sur RDV du lundi au vendredi de 9h00 \u00e0 17h00 (t\u00e9l : 02 43 06 14 82)<\/p>\n<h3>Transport<\/h3>\n<p>Transports en commun possibles \u00e0 partir de Laval, Mayenne, Le Mans, Angers, Rennes tous les lundis matins et vendredis soirs.<\/p>\n<\/div>\n\t\t<\/div><\/div><\/div><\/div>","protected":false},"excerpt":{"rendered":"<p>L&rsquo;alternance qui est une succession de s\u00e9jours entre l&rsquo;\u00e9cole et le monde du travail pr\u00e9pare \u00e0 la vie active. Au cours de leurs semaines de pr\u00e9sence en stage, ils devront: observer et poser des questions afin de comprendre le fonctionnement de l&rsquo;entreprise de stage. Pratiquer afin d&rsquo;acqu\u00e9rir des savoir-faire pratiques S&rsquo;interroger sur les pratiques de [&hellip;]<\/p>\n","protected":false},"author":1,"featured_media":0,"parent":0,"menu_order":0,"comment_status":"closed","ping_status":"closed","template":"","meta":{"footnotes":""},"_links":{"self":[{"href":"https:\/\/mfrhippodrome-craon.com\/index.php\/wp-json\/wp\/v2\/pages\/285"}],"collection":[{"href":"https:\/\/mfrhippodrome-craon.com\/index.php\/wp-json\/wp\/v2\/pages"}],"about":[{"href":"https:\/\/mfrhippodrome-craon.com\/index.php\/wp-json\/wp\/v2\/types\/page"}],"author":[{"embeddable":true,"href":"https:\/\/mfrhippodrome-craon.com\/index.php\/wp-json\/wp\/v2\/users\/1"}],"replies":[{"embeddable":true,"href":"https:\/\/mfrhippodrome-craon.com\/index.php\/wp-json\/wp\/v2\/comments?post=285"}],"version-history":[{"count":0,"href":"https:\/\/mfrhippodrome-craon.com\/index.php\/wp-json\/wp\/v2\/pages\/285\/revisions"}],"wp:attachment":[{"href":"https:\/\/mfrhippodrome-craon.com\/index.php\/wp-json\/wp\/v2\/media?parent=285"}],"curies":[{"name":"wp","href":"https:\/\/api.w.org\/{rel}","templated":true}]}}