{"id":1238,"date":"2024-09-09T17:52:34","date_gmt":"2024-09-09T15:52:34","guid":{"rendered":"https:\/\/mfrhippodrome-craon.com\/?page_id=1238"},"modified":"2026-03-25T13:41:23","modified_gmt":"2026-03-25T12:41:23","slug":"location","status":"publish","type":"page","link":"https:\/\/mfrhippodrome-craon.com\/index.php\/location\/","title":{"rendered":"Location"},"content":{"rendered":"\n<p class=\"has-large-font-size\"><strong>Services propos\u00e9s : <\/strong><\/p>\n\n\n\n<p class=\"has-medium-font-size\"><strong>INTERNAT : <\/strong><\/p>\n\n\n\n<figure class=\"wp-block-table\"><table><tbody><tr><td>15 chambres de 4 couchages individuels (2&#215;2 lits superpos\u00e9s)<\/td><\/tr><tr><td>dont 2 chambres PMR avec 3 lits au sol.<\/td><\/tr><tr><td>1 sanitaire avec douche, toilette et lavabo par chambre<\/td><\/tr><\/tbody><\/table><\/figure>\n\n\n\n<figure class=\"wp-block-gallery has-nested-images columns-default is-cropped wp-block-gallery-1 is-layout-flex wp-block-gallery-is-layout-flex\">\n<figure class=\"wp-block-image size-large\"><img loading=\"lazy\" decoding=\"async\" width=\"1024\" height=\"768\" data-id=\"1174\" src=\"https:\/\/mfrhippodrome-craon.com\/wp-content\/uploads\/2019\/11\/internat-3-1024x768.jpg\" alt=\"\" class=\"wp-image-1174\" srcset=\"https:\/\/mfrhippodrome-craon.com\/wp-content\/uploads\/2019\/11\/internat-3-1024x768.jpg 1024w, https:\/\/mfrhippodrome-craon.com\/wp-content\/uploads\/2019\/11\/internat-3-300x225.jpg 300w, https:\/\/mfrhippodrome-craon.com\/wp-content\/uploads\/2019\/11\/internat-3-768x576.jpg 768w, https:\/\/mfrhippodrome-craon.com\/wp-content\/uploads\/2019\/11\/internat-3-1536x1152.jpg 1536w, https:\/\/mfrhippodrome-craon.com\/wp-content\/uploads\/2019\/11\/internat-3.jpg 1920w\" sizes=\"(max-width: 1024px) 100vw, 1024px\" \/><\/figure>\n\n\n\n<figure class=\"wp-block-image size-large\"><img loading=\"lazy\" decoding=\"async\" width=\"1024\" height=\"768\" data-id=\"1176\" src=\"https:\/\/mfrhippodrome-craon.com\/wp-content\/uploads\/2019\/11\/thumbnail_internat-4-1024x768.jpg\" alt=\"\" class=\"wp-image-1176\" srcset=\"https:\/\/mfrhippodrome-craon.com\/wp-content\/uploads\/2019\/11\/thumbnail_internat-4-1024x768.jpg 1024w, https:\/\/mfrhippodrome-craon.com\/wp-content\/uploads\/2019\/11\/thumbnail_internat-4-300x225.jpg 300w, https:\/\/mfrhippodrome-craon.com\/wp-content\/uploads\/2019\/11\/thumbnail_internat-4-768x576.jpg 768w, https:\/\/mfrhippodrome-craon.com\/wp-content\/uploads\/2019\/11\/thumbnail_internat-4-1536x1152.jpg 1536w, https:\/\/mfrhippodrome-craon.com\/wp-content\/uploads\/2019\/11\/thumbnail_internat-4.jpg 1920w\" sizes=\"(max-width: 1024px) 100vw, 1024px\" \/><\/figure>\n<\/figure>\n\n\n\n<p class=\"has-medium-font-size\"><strong>CUISINE <\/strong>: <\/p>\n\n\n\n<p class=\"has-medium-font-size\">Cuisine et r\u00e9fectoire avec capacit\u00e9 de 80 couverts.<\/p>\n\n\n\n<p><strong>Equipements \u00e0 disposition :     <\/strong><\/p>\n\n\n\n<figure class=\"wp-block-table\"><table><tbody><tr><td>Four<\/td><\/tr><tr><td>R\u00e9frig\u00e9rateur<\/td><\/tr><tr><td>Lave-vaisselle (produits fournis)<\/td><\/tr><tr><td>Gaz avec 2 feux<\/td><\/tr><tr><td>Plaque grillade<\/td><\/tr><tr><td>Cellule de maintien au chaud (plat traiteur)<\/td><\/tr><\/tbody><\/table><\/figure>\n\n\n\n<figure class=\"wp-block-gallery has-nested-images columns-default is-cropped wp-block-gallery-2 is-layout-flex wp-block-gallery-is-layout-flex\">\n<figure class=\"wp-block-image size-large\"><img loading=\"lazy\" decoding=\"async\" width=\"627\" height=\"470\" data-id=\"1240\" src=\"https:\/\/mfrhippodrome-craon.com\/wp-content\/uploads\/2024\/08\/1.jpg\" alt=\"\" class=\"wp-image-1240\" srcset=\"https:\/\/mfrhippodrome-craon.com\/wp-content\/uploads\/2024\/08\/1.jpg 627w, https:\/\/mfrhippodrome-craon.com\/wp-content\/uploads\/2024\/08\/1-300x225.jpg 300w\" sizes=\"(max-width: 627px) 100vw, 627px\" \/><\/figure>\n\n\n\n<figure class=\"wp-block-image size-large\"><img loading=\"lazy\" decoding=\"async\" width=\"1024\" height=\"768\" data-id=\"1242\" src=\"https:\/\/mfrhippodrome-craon.com\/wp-content\/uploads\/2024\/08\/2-1024x768.jpg\" alt=\"\" class=\"wp-image-1242\" srcset=\"https:\/\/mfrhippodrome-craon.com\/wp-content\/uploads\/2024\/08\/2-1024x768.jpg 1024w, https:\/\/mfrhippodrome-craon.com\/wp-content\/uploads\/2024\/08\/2-300x225.jpg 300w, https:\/\/mfrhippodrome-craon.com\/wp-content\/uploads\/2024\/08\/2-768x576.jpg 768w, https:\/\/mfrhippodrome-craon.com\/wp-content\/uploads\/2024\/08\/2-1536x1152.jpg 1536w, https:\/\/mfrhippodrome-craon.com\/wp-content\/uploads\/2024\/08\/2-2048x1536.jpg 2048w\" sizes=\"(max-width: 1024px) 100vw, 1024px\" \/><\/figure>\n\n\n\n<figure class=\"wp-block-image size-large\"><img loading=\"lazy\" decoding=\"async\" width=\"768\" height=\"1024\" data-id=\"1243\" src=\"https:\/\/mfrhippodrome-craon.com\/wp-content\/uploads\/2024\/08\/3-768x1024.jpg\" alt=\"\" class=\"wp-image-1243\" srcset=\"https:\/\/mfrhippodrome-craon.com\/wp-content\/uploads\/2024\/08\/3-768x1024.jpg 768w, https:\/\/mfrhippodrome-craon.com\/wp-content\/uploads\/2024\/08\/3-225x300.jpg 225w, https:\/\/mfrhippodrome-craon.com\/wp-content\/uploads\/2024\/08\/3-1152x1536.jpg 1152w, https:\/\/mfrhippodrome-craon.com\/wp-content\/uploads\/2024\/08\/3-1536x2048.jpg 1536w, https:\/\/mfrhippodrome-craon.com\/wp-content\/uploads\/2024\/08\/3-scaled.jpg 1920w\" sizes=\"(max-width: 768px) 100vw, 768px\" \/><\/figure>\n\n\n\n<figure class=\"wp-block-image size-large\"><img loading=\"lazy\" decoding=\"async\" width=\"768\" height=\"1024\" data-id=\"1244\" src=\"https:\/\/mfrhippodrome-craon.com\/wp-content\/uploads\/2024\/08\/4-768x1024.jpg\" alt=\"\" class=\"wp-image-1244\" srcset=\"https:\/\/mfrhippodrome-craon.com\/wp-content\/uploads\/2024\/08\/4-768x1024.jpg 768w, https:\/\/mfrhippodrome-craon.com\/wp-content\/uploads\/2024\/08\/4-225x300.jpg 225w, https:\/\/mfrhippodrome-craon.com\/wp-content\/uploads\/2024\/08\/4-1152x1536.jpg 1152w, https:\/\/mfrhippodrome-craon.com\/wp-content\/uploads\/2024\/08\/4-1536x2048.jpg 1536w, https:\/\/mfrhippodrome-craon.com\/wp-content\/uploads\/2024\/08\/4-scaled.jpg 1920w\" sizes=\"(max-width: 768px) 100vw, 768px\" \/><\/figure>\n<\/figure>\n\n\n\n<p class=\"has-medium-font-size\"><strong><strong>EXTERIEUR :<\/strong><\/strong><\/p>\n\n\n\n<figure class=\"wp-block-table\"><table><tbody><tr><td>5000m<strong>\u00b2<\/strong><\/td><\/tr><tr><td>Tables et bancs<\/td><\/tr><tr><td>Terrain de foot<\/td><\/tr><tr><td>Terrain de basket<\/td><\/tr><tr><td>Tennis de table<\/td><\/tr><\/tbody><\/table><\/figure>\n\n\n\n<figure class=\"wp-block-gallery has-nested-images columns-default is-cropped wp-block-gallery-3 is-layout-flex wp-block-gallery-is-layout-flex\">\n<figure class=\"wp-block-image size-large\"><img loading=\"lazy\" decoding=\"async\" width=\"768\" height=\"1024\" data-id=\"1258\" src=\"https:\/\/mfrhippodrome-craon.com\/wp-content\/uploads\/2024\/09\/basket-modif-Copie-Copie-768x1024.jpg\" alt=\"\" class=\"wp-image-1258\" srcset=\"https:\/\/mfrhippodrome-craon.com\/wp-content\/uploads\/2024\/09\/basket-modif-Copie-Copie-768x1024.jpg 768w, https:\/\/mfrhippodrome-craon.com\/wp-content\/uploads\/2024\/09\/basket-modif-Copie-Copie-225x300.jpg 225w, https:\/\/mfrhippodrome-craon.com\/wp-content\/uploads\/2024\/09\/basket-modif-Copie-Copie-1152x1536.jpg 1152w, https:\/\/mfrhippodrome-craon.com\/wp-content\/uploads\/2024\/09\/basket-modif-Copie-Copie.jpg 1440w\" sizes=\"(max-width: 768px) 100vw, 768px\" \/><\/figure>\n\n\n\n<figure class=\"wp-block-image size-large\"><img loading=\"lazy\" decoding=\"async\" width=\"768\" height=\"1024\" data-id=\"1259\" src=\"https:\/\/mfrhippodrome-craon.com\/wp-content\/uploads\/2024\/09\/thumbnail_IMG_4561-Copie-Copie-768x1024.jpg\" alt=\"\" class=\"wp-image-1259\" srcset=\"https:\/\/mfrhippodrome-craon.com\/wp-content\/uploads\/2024\/09\/thumbnail_IMG_4561-Copie-Copie-768x1024.jpg 768w, https:\/\/mfrhippodrome-craon.com\/wp-content\/uploads\/2024\/09\/thumbnail_IMG_4561-Copie-Copie-225x300.jpg 225w, https:\/\/mfrhippodrome-craon.com\/wp-content\/uploads\/2024\/09\/thumbnail_IMG_4561-Copie-Copie-1152x1536.jpg 1152w, https:\/\/mfrhippodrome-craon.com\/wp-content\/uploads\/2024\/09\/thumbnail_IMG_4561-Copie-Copie.jpg 1440w\" sizes=\"(max-width: 768px) 100vw, 768px\" \/><\/figure>\n\n\n\n<figure class=\"wp-block-image size-large\"><img loading=\"lazy\" decoding=\"async\" width=\"1024\" height=\"768\" data-id=\"1261\" src=\"https:\/\/mfrhippodrome-craon.com\/wp-content\/uploads\/2024\/09\/thumbnail_IMG_4560-1024x768.jpg\" alt=\"\" class=\"wp-image-1261\" srcset=\"https:\/\/mfrhippodrome-craon.com\/wp-content\/uploads\/2024\/09\/thumbnail_IMG_4560-1024x768.jpg 1024w, https:\/\/mfrhippodrome-craon.com\/wp-content\/uploads\/2024\/09\/thumbnail_IMG_4560-300x225.jpg 300w, https:\/\/mfrhippodrome-craon.com\/wp-content\/uploads\/2024\/09\/thumbnail_IMG_4560-768x576.jpg 768w, https:\/\/mfrhippodrome-craon.com\/wp-content\/uploads\/2024\/09\/thumbnail_IMG_4560-1536x1152.jpg 1536w, https:\/\/mfrhippodrome-craon.com\/wp-content\/uploads\/2024\/09\/thumbnail_IMG_4560.jpg 1920w\" sizes=\"(max-width: 1024px) 100vw, 1024px\" \/><\/figure>\n<\/figure>\n\n\n\n<p class=\"has-medium-font-size\"><strong><strong>AUTRES :<\/strong><\/strong><\/p>\n\n\n\n<figure class=\"wp-block-table\"><table><tbody><tr><td>Salle de r\u00e9union<\/td><\/tr><tr><td>Salle informatique avec 18 postes<\/td><\/tr><\/tbody><\/table><\/figure>\n\n\n\n<h2 class=\"wp-block-heading\">Tarifs location (\u00e0 partir du 1er janvier 2026)<\/h2>\n\n\n\n<figure class=\"wp-block-image size-large\"><img loading=\"lazy\" decoding=\"async\" width=\"1024\" height=\"613\" src=\"https:\/\/mfrhippodrome-craon.com\/wp-content\/uploads\/2026\/03\/grille-tarifaire-mfr-hippo-1024x613.jpg\" alt=\"\" class=\"wp-image-1526\" srcset=\"https:\/\/mfrhippodrome-craon.com\/wp-content\/uploads\/2026\/03\/grille-tarifaire-mfr-hippo-1024x613.jpg 1024w, https:\/\/mfrhippodrome-craon.com\/wp-content\/uploads\/2026\/03\/grille-tarifaire-mfr-hippo-300x180.jpg 300w, https:\/\/mfrhippodrome-craon.com\/wp-content\/uploads\/2026\/03\/grille-tarifaire-mfr-hippo-768x460.jpg 768w, https:\/\/mfrhippodrome-craon.com\/wp-content\/uploads\/2026\/03\/grille-tarifaire-mfr-hippo-1536x919.jpg 1536w, https:\/\/mfrhippodrome-craon.com\/wp-content\/uploads\/2026\/03\/grille-tarifaire-mfr-hippo-2048x1226.jpg 2048w, https:\/\/mfrhippodrome-craon.com\/wp-content\/uploads\/2026\/03\/grille-tarifaire-mfr-hippo-240x145.jpg 240w\" sizes=\"(max-width: 1024px) 100vw, 1024px\" \/><\/figure>\n","protected":false},"excerpt":{"rendered":"<p>Services propos\u00e9s : INTERNAT : 15 chambres de 4 couchages individuels (2&#215;2 lits superpos\u00e9s) dont 2 chambres PMR avec 3 lits au sol. 1 sanitaire avec douche, toilette et lavabo par chambre CUISINE : Cuisine et r\u00e9fectoire avec capacit\u00e9 de 80 couverts. Equipements \u00e0 disposition : Four R\u00e9frig\u00e9rateur Lave-vaisselle (produits fournis) Gaz avec 2 feux [&hellip;]<\/p>\n","protected":false},"author":3,"featured_media":0,"parent":0,"menu_order":0,"comment_status":"closed","ping_status":"closed","template":"","meta":{"footnotes":""},"_links":{"self":[{"href":"https:\/\/mfrhippodrome-craon.com\/index.php\/wp-json\/wp\/v2\/pages\/1238"}],"collection":[{"href":"https:\/\/mfrhippodrome-craon.com\/index.php\/wp-json\/wp\/v2\/pages"}],"about":[{"href":"https:\/\/mfrhippodrome-craon.com\/index.php\/wp-json\/wp\/v2\/types\/page"}],"author":[{"embeddable":true,"href":"https:\/\/mfrhippodrome-craon.com\/index.php\/wp-json\/wp\/v2\/users\/3"}],"replies":[{"embeddable":true,"href":"https:\/\/mfrhippodrome-craon.com\/index.php\/wp-json\/wp\/v2\/comments?post=1238"}],"version-history":[{"count":3,"href":"https:\/\/mfrhippodrome-craon.com\/index.php\/wp-json\/wp\/v2\/pages\/1238\/revisions"}],"predecessor-version":[{"id":1527,"href":"https:\/\/mfrhippodrome-craon.com\/index.php\/wp-json\/wp\/v2\/pages\/1238\/revisions\/1527"}],"wp:attachment":[{"href":"https:\/\/mfrhippodrome-craon.com\/index.php\/wp-json\/wp\/v2\/media?parent=1238"}],"curies":[{"name":"wp","href":"https:\/\/api.w.org\/{rel}","templated":true}]}}