{"id":1213,"date":"2024-05-23T09:27:10","date_gmt":"2024-05-23T07:27:10","guid":{"rendered":"https:\/\/mfrhippodrome-craon.com\/?page_id=1213"},"modified":"2024-11-04T12:31:53","modified_gmt":"2024-11-04T11:31:53","slug":"taxe-dapprentissage-2","status":"publish","type":"page","link":"https:\/\/mfrhippodrome-craon.com\/index.php\/taxe-dapprentissage-2\/","title":{"rendered":"Taxe d&rsquo;apprentissage"},"content":{"rendered":"\n<figure class=\"wp-block-image size-full is-resized\"><img loading=\"lazy\" decoding=\"async\" width=\"862\" height=\"253\" src=\"https:\/\/mfrhippodrome-craon.com\/wp-content\/uploads\/2024\/05\/image.png\" alt=\"\" class=\"wp-image-1218\" style=\"width:752px;height:auto\" srcset=\"https:\/\/mfrhippodrome-craon.com\/wp-content\/uploads\/2024\/05\/image.png 862w, https:\/\/mfrhippodrome-craon.com\/wp-content\/uploads\/2024\/05\/image-300x88.png 300w, https:\/\/mfrhippodrome-craon.com\/wp-content\/uploads\/2024\/05\/image-768x225.png 768w\" sizes=\"(max-width: 862px) 100vw, 862px\" \/><\/figure>\n\n\n\n<p class=\"has-text-align-left\">La taxe d\u2019apprentissage, <em>aussi appel\u00e9e CUFPA (Contribution Unique \u00e0 la Formation Professionnelle et \u00e0 l\u2019Alternance)<\/em>, est un <strong>imp\u00f4t obligatoire<\/strong> qui permet de <strong>financer le d\u00e9veloppement de l\u2019apprentissage et des fili\u00e8res technologiques et professionnelles sur votre territoire<\/strong>.<\/p>\n\n\n\n<figure class=\"wp-block-image size-full is-resized\"><img loading=\"lazy\" decoding=\"async\" width=\"633\" height=\"148\" src=\"https:\/\/mfrhippodrome-craon.com\/wp-content\/uploads\/2024\/05\/image-1.png\" alt=\"\" class=\"wp-image-1219\" style=\"width:702px;height:auto\" srcset=\"https:\/\/mfrhippodrome-craon.com\/wp-content\/uploads\/2024\/05\/image-1.png 633w, https:\/\/mfrhippodrome-craon.com\/wp-content\/uploads\/2024\/05\/image-1-300x70.png 300w\" sizes=\"(max-width: 633px) 100vw, 633px\" \/><\/figure>\n\n\n\n<p><\/p>\n\n\n\n<p><strong><em><mark style=\"background-color:rgba(0, 0, 0, 0)\" class=\"has-inline-color has-black-color\">Pourquoi soutenir la MFR-CFA de l\u2019Hippodrome ?<\/mark><\/em><\/strong><\/p>\n\n\n\n<ul>\n<li>Vous agissez en faveur du d\u00e9veloppement de la formation des jeunes du d\u00e9partement mayennais<\/li>\n\n\n\n<li>Vous contribuez au d\u00e9veloppement des comp\u00e9tences de vos futurs salari\u00e9s et investissez dans vos recrutements \u00e0 venir<\/li>\n\n\n\n<li>Vous soutenez le dynamisme de votre r\u00e9gion et la rendez plus attractive<\/li>\n<\/ul>\n\n\n\n<p><\/p>\n\n\n\n<p><strong><em><mark style=\"background-color:rgba(0, 0, 0, 0)\" class=\"has-inline-color has-black-color\">Comment soutenir la MFR-CFA de l\u2019Hippodrome ?<\/mark><\/em><\/strong><\/p>\n\n\n\n<figure class=\"wp-block-image size-full is-resized\"><img loading=\"lazy\" decoding=\"async\" width=\"623\" height=\"351\" src=\"https:\/\/mfrhippodrome-craon.com\/wp-content\/uploads\/2024\/05\/image-2.png\" alt=\"\" class=\"wp-image-1220\" style=\"width:681px;height:auto\" srcset=\"https:\/\/mfrhippodrome-craon.com\/wp-content\/uploads\/2024\/05\/image-2.png 623w, https:\/\/mfrhippodrome-craon.com\/wp-content\/uploads\/2024\/05\/image-2-300x169.png 300w\" sizes=\"(max-width: 623px) 100vw, 623px\" \/><\/figure>\n\n\n\n<p>* Si c\u2019est votre <strong>cabinet comptable<\/strong> qui fait la d\u00e9signation de la MFR, pensez \u00e0 pr\u00e9ciser le <strong>SIRET <\/strong>de la<strong> MFR : 78624011900010<\/strong><\/p>\n\n\n\n<p>N\u00b0UAI : 053087B<\/p>\n\n\n\n<p>Pour avoir plus de renseignements : <em><a href=\"https:\/\/my.mfr.fr\/pages\/taxe-d-apprentissage-mfr\">https:\/\/my.mfr.fr\/pages\/taxe-d-apprentissage-mfr<\/a><\/em>&nbsp; ou contacter la MFR au 02 43 06 14 82.<\/p>\n","protected":false},"excerpt":{"rendered":"<p>La taxe d\u2019apprentissage, aussi appel\u00e9e CUFPA (Contribution Unique \u00e0 la Formation Professionnelle et \u00e0 l\u2019Alternance), est un imp\u00f4t obligatoire qui permet de financer le d\u00e9veloppement de l\u2019apprentissage et des fili\u00e8res technologiques et professionnelles sur votre territoire. Pourquoi soutenir la MFR-CFA de l\u2019Hippodrome ? Comment soutenir la MFR-CFA de l\u2019Hippodrome ? * Si c\u2019est votre cabinet [&hellip;]<\/p>\n","protected":false},"author":3,"featured_media":0,"parent":0,"menu_order":0,"comment_status":"closed","ping_status":"closed","template":"","meta":{"footnotes":""},"_links":{"self":[{"href":"https:\/\/mfrhippodrome-craon.com\/index.php\/wp-json\/wp\/v2\/pages\/1213"}],"collection":[{"href":"https:\/\/mfrhippodrome-craon.com\/index.php\/wp-json\/wp\/v2\/pages"}],"about":[{"href":"https:\/\/mfrhippodrome-craon.com\/index.php\/wp-json\/wp\/v2\/types\/page"}],"author":[{"embeddable":true,"href":"https:\/\/mfrhippodrome-craon.com\/index.php\/wp-json\/wp\/v2\/users\/3"}],"replies":[{"embeddable":true,"href":"https:\/\/mfrhippodrome-craon.com\/index.php\/wp-json\/wp\/v2\/comments?post=1213"}],"version-history":[{"count":0,"href":"https:\/\/mfrhippodrome-craon.com\/index.php\/wp-json\/wp\/v2\/pages\/1213\/revisions"}],"wp:attachment":[{"href":"https:\/\/mfrhippodrome-craon.com\/index.php\/wp-json\/wp\/v2\/media?parent=1213"}],"curies":[{"name":"wp","href":"https:\/\/api.w.org\/{rel}","templated":true}]}}